{"id":7637,"date":"2020-10-21T17:26:20","date_gmt":"2020-10-21T17:26:20","guid":{"rendered":"http:\/\/evolvewithsuky.com\/product\/distant-healing-session\/"},"modified":"2022-07-21T15:26:10","modified_gmt":"2022-07-21T15:26:10","slug":"distant-healing-session","status":"publish","type":"product","link":"https:\/\/evolvewithsuky.com\/it\/prodotto\/distant-healing-session\/","title":{"rendered":"Guarigione Energetica a Distanza"},"content":{"rendered":"<p>&nbsp;<\/p>\n<p>Se non puoi venire da me, posso fare sessioni di Guarigione Energetica al telefono. Sono in grado di operare in tutto il mondo. Tutto ci\u00f2 di cui hai bisogno \u00e8 una buona connessione a Internet.<\/p>\n<p>Grazie a Guidance, sono in grado di connettermi al tuo campo energetico da remoto e percepire e sentire le energie pi\u00f9 dense. Questi di solito contengono cose come vecchi ricordi, traumi e dolore fisico. Uso la mia intuizione, empatia e sensibilit\u00e0 per vedere cosa ti preoccupa e lavoro per liberare queste energie pi\u00f9 dense. So sempre cosa fare e dove andare perch\u00e9 sono sempre guidato molto bene.<\/p>\n<p>A volte mi viene detto di farti domande sul passato o di darti spunti di riflessione in modo che tu possa comprendere meglio ci\u00f2 che sta accadendo e altre volte, giaci immobile mentre si verifica la guarigione. Una volta che la densit\u00e0 si \u00e8 schiarita, ti senti pi\u00f9 leggero e sollevato.<\/p>\n<p>Ogni guarigione \u00e8 unica e dipende da ci\u00f2 di cui hai bisogno in quel momento. Alcune persone ne hanno solo bisogno, anche se questo \u00e8 raro. Altri hanno bisogno di ulteriori sessioni poich\u00e9 spesso noi &#8211; in effetti &#8211; stiamo sbucciando gli strati della cipolla fino a quando non ti riportiamo alla brillantezza e brillantezza che dovresti essere.<\/p>\n<p>Si prega di consentire fino a 2 ore per questo trattamento.<\/p>\n<blockquote><p>Grazie Suky per avermi dato l&#8217;esperienza pi\u00f9 illuminante, mentre eseguivo una guarigione energetica sul mio corpo. Alcuni anni prima ho avuto la fortuna di incontrare Suky a Roma, in Italia, e fare uno dei suoi massaggi di guarigione energetica. Ho capito allora che ha un dono! Ho continuato a fare sessioni di guarigione a distanza mentre ero a New York. Suky \u00e8 una vera guaritrice spirituale, dedita alla guarigione degli individui con la sua energia positiva e la sua conoscenza. Le sue sessioni di guarigione sono immensamente rilassanti e lasciano la tua sensazione rivitalizzata. \u00c8 stata in grado di trovare la causa del mio dolore e rimuovere il blocco energetico, il tutto pur essendo virtuale. L&#8217;intera esperienza mi ha lasciato desiderare di pi\u00f9 e ora sono una sua cliente abituale. Queste sessioni di guarigione a distanza sono uniche nel loro genere, ti portano nel profondo di te stesso e aiutano a ripristinare la tua energia. Questa \u00e8 come nessun&#8217;altra esperienza. \u00c8 olistico e promuove il benessere, mentalmente e fisicamente. Consiglio vivamente i suoi servizi a tutti i miei amici e familiari.<\/p>\n<p><strong>Poonam Sachdeva<\/strong><\/p><\/blockquote>\n","protected":false},"excerpt":{"rendered":"<p>Dedichi un&#8217;ora al trattamento vero e proprio. Poi abbiamo una chiamata per un&#8217;ora per discutere della nostra sessione.<\/p>\n","protected":false},"featured_media":3844,"comment_status":"open","ping_status":"closed","template":"","meta":{"_uag_custom_page_level_css":"","site-sidebar-layout":"default","site-content-layout":"default","ast-site-content-layout":"default","site-content-style":"default","site-sidebar-style":"default","ast-global-header-display":"","ast-banner-title-visibility":"","ast-main-header-display":"","ast-hfb-above-header-display":"","ast-hfb-below-header-display":"","ast-hfb-mobile-header-display":"","site-post-title":"","ast-breadcrumbs-content":"","ast-featured-img":"","footer-sml-layout":"","ast-disable-related-posts":"","theme-transparent-header-meta":"default","adv-header-id-meta":"","stick-header-meta":"","header-above-stick-meta":"","header-main-stick-meta":"","header-below-stick-meta":"","astra-migrate-meta-layouts":"default","ast-page-background-enabled":"default","ast-page-background-meta":{"desktop":{"background-color":"","background-image":"","background-repeat":"repeat","background-position":"center center","background-size":"auto","background-attachment":"scroll","background-type":"","background-media":"","overlay-type":"","overlay-color":"","overlay-opacity":"","overlay-gradient":""},"tablet":{"background-color":"","background-image":"","background-repeat":"repeat","background-position":"center center","background-size":"auto","background-attachment":"scroll","background-type":"","background-media":"","overlay-type":"","overlay-color":"","overlay-opacity":"","overlay-gradient":""},"mobile":{"background-color":"","background-image":"","background-repeat":"repeat","background-position":"center center","background-size":"auto","background-attachment":"scroll","background-type":"","background-media":"","overlay-type":"","overlay-color":"","overlay-opacity":"","overlay-gradient":""}},"ast-content-background-meta":{"desktop":{"background-color":"var(--ast-global-color-5)","background-image":"","background-repeat":"repeat","background-position":"center center","background-size":"auto","background-attachment":"scroll","background-type":"","background-media":"","overlay-type":"","overlay-color":"","overlay-opacity":"","overlay-gradient":""},"tablet":{"background-color":"var(--ast-global-color-5)","background-image":"","background-repeat":"repeat","background-position":"center center","background-size":"auto","background-attachment":"scroll","background-type":"","background-media":"","overlay-type":"","overlay-color":"","overlay-opacity":"","overlay-gradient":""},"mobile":{"background-color":"var(--ast-global-color-5)","background-image":"","background-repeat":"repeat","background-position":"center center","background-size":"auto","background-attachment":"scroll","background-type":"","background-media":"","overlay-type":"","overlay-color":"","overlay-opacity":"","overlay-gradient":""}}},"product_brand":[],"product_cat":[241,242],"product_tag":[266,263,273,271,270,262,269,267,272,261,268,264,265],"class_list":{"0":"post-7637","1":"product","2":"type-product","3":"status-publish","4":"has-post-thumbnail","6":"product_cat-massaggio","7":"product_cat-stesso","8":"product_tag-bilanciamento-dei-chakra","9":"product_tag-chakra","10":"product_tag-guarigione-a-distanza","11":"product_tag-guarigione-angelica","12":"product_tag-guarigione-di-seikhem","13":"product_tag-guarigione-energetica","14":"product_tag-guarigione-energetica-a-distanza","15":"product_tag-guarigione-in-linea","16":"product_tag-intelligenza-infinita","17":"product_tag-massaggio-energetico","18":"product_tag-rilascia-la-tensione","19":"product_tag-rilasciare-lo-stress","20":"product_tag-sto-benissimo","21":"desktop-align-left","22":"tablet-align-left","23":"mobile-align-left","25":"first","26":"instock","27":"virtual","28":"sold-individually","29":"purchasable","30":"product-type-simple"},"yoast_head":"<!-- This site is optimized with the Yoast SEO plugin v27.3 - https:\/\/yoast.com\/product\/yoast-seo-wordpress\/ -->\n<title>Guarigione Energetica a Distanza - Evolve with Suky<\/title>\n<meta name=\"robots\" content=\"index, follow, max-snippet:-1, max-image-preview:large, max-video-preview:-1\" \/>\n<link rel=\"canonical\" href=\"https:\/\/evolvewithsuky.com\/prodotto\/2-hour-distant-energy-healing-session\/\" \/>\n<meta property=\"og:locale\" content=\"it_IT\" \/>\n<meta property=\"og:type\" content=\"article\" \/>\n<meta property=\"og:title\" content=\"Guarigione Energetica a Distanza - Evolve with Suky\" \/>\n<meta property=\"og:description\" content=\"Dedichi un&#039;ora al trattamento vero e proprio. Poi abbiamo una chiamata per un&#039;ora per discutere della nostra sessione.\" \/>\n<meta property=\"og:url\" content=\"https:\/\/evolvewithsuky.com\/prodotto\/2-hour-distant-energy-healing-session\/\" \/>\n<meta property=\"og:site_name\" content=\"Evolve with Suky\" \/>\n<meta property=\"article:modified_time\" content=\"2022-07-21T15:26:10+00:00\" \/>\n<meta property=\"og:image\" content=\"https:\/\/evolvewithsuky.com\/wp-content\/uploads\/2020\/08\/hands-RIGHT-e1598517200120.png\" \/>\n\t<meta property=\"og:image:width\" content=\"350\" \/>\n\t<meta property=\"og:image:height\" content=\"172\" \/>\n\t<meta property=\"og:image:type\" content=\"image\/png\" \/>\n<meta name=\"twitter:card\" content=\"summary_large_image\" \/>\n<script type=\"application\/ld+json\" class=\"yoast-schema-graph\">{\"@context\":\"https:\\\/\\\/schema.org\",\"@graph\":[{\"@type\":\"WebPage\",\"@id\":\"https:\\\/\\\/evolvewithsuky.com\\\/prodotto\\\/2-hour-distant-energy-healing-session\\\/\",\"url\":\"https:\\\/\\\/evolvewithsuky.com\\\/prodotto\\\/2-hour-distant-energy-healing-session\\\/\",\"name\":\"Guarigione Energetica a Distanza - Evolve with Suky\",\"isPartOf\":{\"@id\":\"https:\\\/\\\/evolvewithsuky.com\\\/#website\"},\"primaryImageOfPage\":{\"@id\":\"https:\\\/\\\/evolvewithsuky.com\\\/prodotto\\\/2-hour-distant-energy-healing-session\\\/#primaryimage\"},\"image\":{\"@id\":\"https:\\\/\\\/evolvewithsuky.com\\\/prodotto\\\/2-hour-distant-energy-healing-session\\\/#primaryimage\"},\"thumbnailUrl\":\"https:\\\/\\\/evolvewithsuky.com\\\/wp-content\\\/uploads\\\/2020\\\/08\\\/hands-RIGHT-e1598517200120.png\",\"datePublished\":\"2020-10-21T17:26:20+00:00\",\"dateModified\":\"2022-07-21T15:26:10+00:00\",\"breadcrumb\":{\"@id\":\"https:\\\/\\\/evolvewithsuky.com\\\/prodotto\\\/2-hour-distant-energy-healing-session\\\/#breadcrumb\"},\"inLanguage\":\"it-IT\",\"potentialAction\":[{\"@type\":\"ReadAction\",\"target\":[\"https:\\\/\\\/evolvewithsuky.com\\\/prodotto\\\/2-hour-distant-energy-healing-session\\\/\"]}]},{\"@type\":\"ImageObject\",\"inLanguage\":\"it-IT\",\"@id\":\"https:\\\/\\\/evolvewithsuky.com\\\/prodotto\\\/2-hour-distant-energy-healing-session\\\/#primaryimage\",\"url\":\"https:\\\/\\\/evolvewithsuky.com\\\/wp-content\\\/uploads\\\/2020\\\/08\\\/hands-RIGHT-e1598517200120.png\",\"contentUrl\":\"https:\\\/\\\/evolvewithsuky.com\\\/wp-content\\\/uploads\\\/2020\\\/08\\\/hands-RIGHT-e1598517200120.png\",\"width\":350,\"height\":172,\"caption\":\"Ora puoi avere una guarigione da qualsiasi parte del mondo.\"},{\"@type\":\"BreadcrumbList\",\"@id\":\"https:\\\/\\\/evolvewithsuky.com\\\/prodotto\\\/2-hour-distant-energy-healing-session\\\/#breadcrumb\",\"itemListElement\":[{\"@type\":\"ListItem\",\"position\":1,\"name\":\"Home\",\"item\":\"https:\\\/\\\/evolvewithsuky.com\\\/it\\\/\"},{\"@type\":\"ListItem\",\"position\":2,\"name\":\"Negozio\",\"item\":\"https:\\\/\\\/evolvewithsuky.com\\\/shop\\\/\"},{\"@type\":\"ListItem\",\"position\":3,\"name\":\"Guarigione Energetica a Distanza\"}]},{\"@type\":\"WebSite\",\"@id\":\"https:\\\/\\\/evolvewithsuky.com\\\/#website\",\"url\":\"https:\\\/\\\/evolvewithsuky.com\\\/\",\"name\":\"Evolve with Suky\",\"description\":\"Helping you Evolve through Energy Healing\",\"publisher\":{\"@id\":\"https:\\\/\\\/evolvewithsuky.com\\\/#organization\"},\"potentialAction\":[{\"@type\":\"SearchAction\",\"target\":{\"@type\":\"EntryPoint\",\"urlTemplate\":\"https:\\\/\\\/evolvewithsuky.com\\\/?s={search_term_string}\"},\"query-input\":{\"@type\":\"PropertyValueSpecification\",\"valueRequired\":true,\"valueName\":\"search_term_string\"}}],\"inLanguage\":\"it-IT\"},{\"@type\":\"Organization\",\"@id\":\"https:\\\/\\\/evolvewithsuky.com\\\/#organization\",\"name\":\"Evolve With Suky\",\"url\":\"https:\\\/\\\/evolvewithsuky.com\\\/\",\"logo\":{\"@type\":\"ImageObject\",\"inLanguage\":\"it-IT\",\"@id\":\"https:\\\/\\\/evolvewithsuky.com\\\/#\\\/schema\\\/logo\\\/image\\\/\",\"url\":\"http:\\\/\\\/evolvewithsuky.com\\\/wp-content\\\/uploads\\\/2020\\\/10\\\/cropped-LogoMakr_5GGIMf-59x59-1.png\",\"contentUrl\":\"http:\\\/\\\/evolvewithsuky.com\\\/wp-content\\\/uploads\\\/2020\\\/10\\\/cropped-LogoMakr_5GGIMf-59x59-1.png\",\"width\":59,\"height\":59,\"caption\":\"Evolve With Suky\"},\"image\":{\"@id\":\"https:\\\/\\\/evolvewithsuky.com\\\/#\\\/schema\\\/logo\\\/image\\\/\"}}]}<\/script>\n<!-- \/ Yoast SEO plugin. -->","yoast_head_json":{"title":"Guarigione Energetica a Distanza - Evolve with Suky","robots":{"index":"index","follow":"follow","max-snippet":"max-snippet:-1","max-image-preview":"max-image-preview:large","max-video-preview":"max-video-preview:-1"},"canonical":"https:\/\/evolvewithsuky.com\/prodotto\/2-hour-distant-energy-healing-session\/","og_locale":"it_IT","og_type":"article","og_title":"Guarigione Energetica a Distanza - Evolve with Suky","og_description":"Dedichi un'ora al trattamento vero e proprio. Poi abbiamo una chiamata per un'ora per discutere della nostra sessione.","og_url":"https:\/\/evolvewithsuky.com\/prodotto\/2-hour-distant-energy-healing-session\/","og_site_name":"Evolve with Suky","article_modified_time":"2022-07-21T15:26:10+00:00","og_image":[{"width":350,"height":172,"url":"https:\/\/evolvewithsuky.com\/wp-content\/uploads\/2020\/08\/hands-RIGHT-e1598517200120.png","type":"image\/png"}],"twitter_card":"summary_large_image","schema":{"@context":"https:\/\/schema.org","@graph":[{"@type":"WebPage","@id":"https:\/\/evolvewithsuky.com\/prodotto\/2-hour-distant-energy-healing-session\/","url":"https:\/\/evolvewithsuky.com\/prodotto\/2-hour-distant-energy-healing-session\/","name":"Guarigione Energetica a Distanza - Evolve with Suky","isPartOf":{"@id":"https:\/\/evolvewithsuky.com\/#website"},"primaryImageOfPage":{"@id":"https:\/\/evolvewithsuky.com\/prodotto\/2-hour-distant-energy-healing-session\/#primaryimage"},"image":{"@id":"https:\/\/evolvewithsuky.com\/prodotto\/2-hour-distant-energy-healing-session\/#primaryimage"},"thumbnailUrl":"https:\/\/evolvewithsuky.com\/wp-content\/uploads\/2020\/08\/hands-RIGHT-e1598517200120.png","datePublished":"2020-10-21T17:26:20+00:00","dateModified":"2022-07-21T15:26:10+00:00","breadcrumb":{"@id":"https:\/\/evolvewithsuky.com\/prodotto\/2-hour-distant-energy-healing-session\/#breadcrumb"},"inLanguage":"it-IT","potentialAction":[{"@type":"ReadAction","target":["https:\/\/evolvewithsuky.com\/prodotto\/2-hour-distant-energy-healing-session\/"]}]},{"@type":"ImageObject","inLanguage":"it-IT","@id":"https:\/\/evolvewithsuky.com\/prodotto\/2-hour-distant-energy-healing-session\/#primaryimage","url":"https:\/\/evolvewithsuky.com\/wp-content\/uploads\/2020\/08\/hands-RIGHT-e1598517200120.png","contentUrl":"https:\/\/evolvewithsuky.com\/wp-content\/uploads\/2020\/08\/hands-RIGHT-e1598517200120.png","width":350,"height":172,"caption":"Ora puoi avere una guarigione da qualsiasi parte del mondo."},{"@type":"BreadcrumbList","@id":"https:\/\/evolvewithsuky.com\/prodotto\/2-hour-distant-energy-healing-session\/#breadcrumb","itemListElement":[{"@type":"ListItem","position":1,"name":"Home","item":"https:\/\/evolvewithsuky.com\/it\/"},{"@type":"ListItem","position":2,"name":"Negozio","item":"https:\/\/evolvewithsuky.com\/shop\/"},{"@type":"ListItem","position":3,"name":"Guarigione Energetica a Distanza"}]},{"@type":"WebSite","@id":"https:\/\/evolvewithsuky.com\/#website","url":"https:\/\/evolvewithsuky.com\/","name":"Evolve with Suky","description":"Helping you Evolve through Energy Healing","publisher":{"@id":"https:\/\/evolvewithsuky.com\/#organization"},"potentialAction":[{"@type":"SearchAction","target":{"@type":"EntryPoint","urlTemplate":"https:\/\/evolvewithsuky.com\/?s={search_term_string}"},"query-input":{"@type":"PropertyValueSpecification","valueRequired":true,"valueName":"search_term_string"}}],"inLanguage":"it-IT"},{"@type":"Organization","@id":"https:\/\/evolvewithsuky.com\/#organization","name":"Evolve With Suky","url":"https:\/\/evolvewithsuky.com\/","logo":{"@type":"ImageObject","inLanguage":"it-IT","@id":"https:\/\/evolvewithsuky.com\/#\/schema\/logo\/image\/","url":"http:\/\/evolvewithsuky.com\/wp-content\/uploads\/2020\/10\/cropped-LogoMakr_5GGIMf-59x59-1.png","contentUrl":"http:\/\/evolvewithsuky.com\/wp-content\/uploads\/2020\/10\/cropped-LogoMakr_5GGIMf-59x59-1.png","width":59,"height":59,"caption":"Evolve With Suky"},"image":{"@id":"https:\/\/evolvewithsuky.com\/#\/schema\/logo\/image\/"}}]}},"uagb_featured_image_src":{"full":["https:\/\/evolvewithsuky.com\/wp-content\/uploads\/2020\/08\/hands-RIGHT-e1598517200120.png",350,172,false],"thumbnail":["https:\/\/evolvewithsuky.com\/wp-content\/uploads\/2020\/08\/hands-RIGHT-e1598517200120-150x150.png",150,150,true],"medium":["https:\/\/evolvewithsuky.com\/wp-content\/uploads\/2020\/08\/hands-RIGHT-e1598517200120-300x147.png",300,147,true],"medium_large":["https:\/\/evolvewithsuky.com\/wp-content\/uploads\/2020\/08\/hands-RIGHT-e1598517200120.png",350,172,false],"large":["https:\/\/evolvewithsuky.com\/wp-content\/uploads\/2020\/08\/hands-RIGHT-e1598517200120.png",350,172,false],"1536x1536":["https:\/\/evolvewithsuky.com\/wp-content\/uploads\/2020\/08\/hands-RIGHT-e1598517200120.png",350,172,false],"2048x2048":["https:\/\/evolvewithsuky.com\/wp-content\/uploads\/2020\/08\/hands-RIGHT-e1598517200120.png",350,172,false],"mailpoet_newsletter_max":["https:\/\/evolvewithsuky.com\/wp-content\/uploads\/2020\/08\/hands-RIGHT-e1598517200120.png",350,172,false],"woocommerce_thumbnail":["https:\/\/evolvewithsuky.com\/wp-content\/uploads\/2020\/08\/hands-RIGHT-e1598517200120-300x172.png",300,172,true],"woocommerce_single":["https:\/\/evolvewithsuky.com\/wp-content\/uploads\/2020\/08\/hands-RIGHT-e1598517200120.png",350,172,false],"woocommerce_gallery_thumbnail":["https:\/\/evolvewithsuky.com\/wp-content\/uploads\/2020\/08\/hands-RIGHT-e1598517200120-100x100.png",100,100,true],"ppec_logo_image_size":["https:\/\/evolvewithsuky.com\/wp-content\/uploads\/2020\/08\/hands-RIGHT-e1598517200120.png",122,60,false],"ppec_header_image_size":["https:\/\/evolvewithsuky.com\/wp-content\/uploads\/2020\/08\/hands-RIGHT-e1598517200120.png",183,90,false]},"uagb_author_info":{"display_name":"Suky","author_link":"https:\/\/evolvewithsuky.com\/it\/author\/"},"uagb_comment_info":0,"uagb_excerpt":"Dedichi un'ora al trattamento vero e proprio. Poi abbiamo una chiamata per un'ora per discutere della nostra sessione.","jetpack_sharing_enabled":true,"_links":{"self":[{"href":"https:\/\/evolvewithsuky.com\/it\/wp-json\/wp\/v2\/product\/7637","targetHints":{"allow":["GET"]}}],"collection":[{"href":"https:\/\/evolvewithsuky.com\/it\/wp-json\/wp\/v2\/product"}],"about":[{"href":"https:\/\/evolvewithsuky.com\/it\/wp-json\/wp\/v2\/types\/product"}],"replies":[{"embeddable":true,"href":"https:\/\/evolvewithsuky.com\/it\/wp-json\/wp\/v2\/comments?post=7637"}],"wp:featuredmedia":[{"embeddable":true,"href":"https:\/\/evolvewithsuky.com\/it\/wp-json\/wp\/v2\/media\/3844"}],"wp:attachment":[{"href":"https:\/\/evolvewithsuky.com\/it\/wp-json\/wp\/v2\/media?parent=7637"}],"wp:term":[{"taxonomy":"product_brand","embeddable":true,"href":"https:\/\/evolvewithsuky.com\/it\/wp-json\/wp\/v2\/product_brand?post=7637"},{"taxonomy":"product_cat","embeddable":true,"href":"https:\/\/evolvewithsuky.com\/it\/wp-json\/wp\/v2\/product_cat?post=7637"},{"taxonomy":"product_tag","embeddable":true,"href":"https:\/\/evolvewithsuky.com\/it\/wp-json\/wp\/v2\/product_tag?post=7637"}],"curies":[{"name":"wp","href":"https:\/\/api.w.org\/{rel}","templated":true}]}}