{"id":5767,"date":"2022-05-23T18:56:37","date_gmt":"2022-05-23T18:56:37","guid":{"rendered":"http:\/\/evolvewithsuky.com\/?page_id=5767"},"modified":"2022-07-19T04:53:34","modified_gmt":"2022-07-19T04:53:34","slug":"termini-e-condizioni","status":"publish","type":"page","link":"https:\/\/evolvewithsuky.com\/it\/termini-e-condizioni\/","title":{"rendered":"Termini e Condizioni"},"content":{"rendered":"\t\t<div data-elementor-type=\"wp-page\" data-elementor-id=\"5767\" class=\"elementor elementor-5767\" data-elementor-post-type=\"page\">\n\t\t\t\t\t\t<section class=\"elementor-section elementor-top-section elementor-element elementor-element-2383357 elementor-section-boxed elementor-section-height-default elementor-section-height-default\" data-id=\"2383357\" data-element_type=\"section\" data-e-type=\"section\">\n\t\t\t\t\t\t<div class=\"elementor-container elementor-column-gap-default\">\n\t\t\t\t\t<div class=\"elementor-column elementor-col-100 elementor-top-column elementor-element elementor-element-49da531\" data-id=\"49da531\" data-element_type=\"column\" data-e-type=\"column\">\n\t\t\t<div class=\"elementor-widget-wrap elementor-element-populated\">\n\t\t\t\t\t\t<div class=\"elementor-element elementor-element-c5eca15 elementor-widget elementor-widget-heading\" data-id=\"c5eca15\" data-element_type=\"widget\" data-e-type=\"widget\" data-widget_type=\"heading.default\">\n\t\t\t\t<div class=\"elementor-widget-container\">\n\t\t\t\t\t<h2 class=\"elementor-heading-title elementor-size-large\"><a href=\"https:\/\/evolvewithsuky.com\/it\/corporate-social-responsibility\/\">Termini e Condizioni<\/a><\/h2>\t\t\t\t<\/div>\n\t\t\t\t<\/div>\n\t\t\t\t<div class=\"elementor-element elementor-element-fb76e6e elementor-widget-divider--view-line elementor-widget elementor-widget-divider\" data-id=\"fb76e6e\" data-element_type=\"widget\" data-e-type=\"widget\" data-widget_type=\"divider.default\">\n\t\t\t\t<div class=\"elementor-widget-container\">\n\t\t\t\t\t\t\t<div class=\"elementor-divider\">\n\t\t\t<span class=\"elementor-divider-separator\">\n\t\t\t\t\t\t<\/span>\n\t\t<\/div>\n\t\t\t\t\t\t<\/div>\n\t\t\t\t<\/div>\n\t\t\t\t<div class=\"elementor-element elementor-element-31b6141 elementor-widget elementor-widget-text-editor\" data-id=\"31b6141\" data-element_type=\"widget\" data-e-type=\"widget\" data-widget_type=\"text-editor.default\">\n\t\t\t\t<div class=\"elementor-widget-container\">\n\t\t\t\t\t\t\t\t\t<p style=\"text-align: left;\"><strong>Disclaimer<\/strong><\/p>\n<p style=\"text-align: left;\">Le informazioni contenute in questo sito Web e in tutte le pagine dei social media associate, comprese tecniche, idee, suggerimenti e altro materiale, vengono fornite solo come informazioni generali.<\/p>\n<p style=\"text-align: left;\">Suky Bansal non fornisce diagnosi mediche o consulenze relative a problemi sanitari, medici o psichiatrici. Energy Healing \u00e8 un metodo alternativo e, sebbene ci siano prove che le sue pratiche siano efficaci nel trattamento di condizioni fisiche, mentali e spirituali, il metodo \u00e8 considerato complementare dai professionisti sanitari occidentali.<\/p>\n<p style=\"text-align: left;\">Suky Bansal non \u00e8 un medico. Non sostituisce il trattamento medico o psicologico da parte di professionisti sanitari autorizzati e registrati. Dovresti consultare un medico professionista prima di prendere qualsiasi decisione sulla salute.<\/p>\n<p style=\"text-align: left;\">Qualsiasi informazione, storia, esempio o testimonianza presentata su questo sito Web e le sue pagine di social media associate non costituiscono una garanzia, o una previsione in merito all&#8217;esito di un trattamento con Suky Bansal.<\/p>\n<p style=\"text-align: left;\">Prenotando, partecipando o partecipando a uno qualsiasi dei servizi offerti da Suky Bansal, inclusa la visualizzazione di questo sito Web e delle relative pagine di social media, l&#8217;utente accetta di liberare, indennizzare e tenere indenne Suky Bansal da qualsiasi pretesa o responsabilit\u00e0 di sorta. Inoltre, questo include qualsiasi danno causato ai manufatti personali durante un trattamento di massaggio.<\/p>\n<p style=\"text-align: left;\"><strong>Politica di cancellazione<\/strong><\/p>\n<p style=\"text-align: left;\">I tuoi appuntamenti e il tuo benessere sono molto importanti per me. Comprendo che a volte possono verificarsi ritardi imprevisti, che apportano modifiche alla pianificazione. Se \u00e8 necessario annullare l&#8217;appuntamento, chiedo rispettosamente un preavviso di almeno 48 ore prima dell&#8217;appuntamento &#8211;\u00a0<a href=\"https:\/\/evolvewithsuky.com\/it\/contattami\/\" target=\"_blank\" rel=\"noopener\">Contattami<\/a><\/p>\n<p style=\"text-align: left;\">Qualsiasi cancellazione o riprogrammazione effettuata in meno di 48 ore comporter\u00e0 una penale. L&#8217;importo della quota sar\u00e0 pari al 50% dei servizi riservati.<\/p>\n<p style=\"text-align: left;\">Se hai pi\u00f9 di 15 minuti di ritardo per il tuo servizio, potrei non essere in grado di accontentarti. In questo caso, verr\u00e0 applicata la stessa penale di cancellazione. Tuttavia, far\u00f2 del nostro meglio per riprogrammare il tuo servizio per un&#8217;altra volta che ti \u00e8 conveniente.<\/p>\n<p style=\"text-align: left;\">In caso di una vera e inevitabile emergenza, la tua penale di cancellazione totale o parziale potrebbe essere applicata a servizi futuri.<\/p>\n<p style=\"text-align: left;\">Mi riservo il diritto di addebitare il 100% delle spese di prenotazione in caso di mancata presentazione.<\/p>\n<p style=\"text-align: left;\"><strong>Infine&#8230;<\/strong><\/p>\n<p style=\"text-align: left;\">Si prega di notare che i miei massaggi di guarigione energetica e le guarigioni energetiche a distanza non sono adatti alle donne in gravidanza. Le sessioni di coaching intuitivo vanno bene.<\/p>\t\t\t\t\t\t\t\t<\/div>\n\t\t\t\t<\/div>\n\t\t\t\t\t<\/div>\n\t\t<\/div>\n\t\t\t\t\t<\/div>\n\t\t<\/section>\n\t\t\t\t<\/div>\n\t\t","protected":false},"excerpt":{"rendered":"<p>Termini e Condizioni Disclaimer Le informazioni contenute in questo sito Web e in tutte le pagine dei social media associate, comprese tecniche, idee, suggerimenti e altro materiale, vengono fornite solo come informazioni generali. Suky Bansal non fornisce diagnosi mediche o consulenze relative a problemi sanitari, medici o psichiatrici. Energy Healing \u00e8 un metodo alternativo e, [&hellip;]<\/p>\n","protected":false},"author":1,"featured_media":0,"parent":0,"menu_order":0,"comment_status":"closed","ping_status":"closed","template":"","meta":{"_uag_custom_page_level_css":"","site-sidebar-layout":"no-sidebar","site-content-layout":"page-builder","ast-site-content-layout":"default","site-content-style":"default","site-sidebar-style":"default","ast-global-header-display":"","ast-banner-title-visibility":"","ast-main-header-display":"","ast-hfb-above-header-display":"","ast-hfb-below-header-display":"","ast-hfb-mobile-header-display":"","site-post-title":"disabled","ast-breadcrumbs-content":"","ast-featured-img":"disabled","footer-sml-layout":"","ast-disable-related-posts":"","theme-transparent-header-meta":"","adv-header-id-meta":"","stick-header-meta":"","header-above-stick-meta":"","header-main-stick-meta":"","header-below-stick-meta":"","astra-migrate-meta-layouts":"default","ast-page-background-enabled":"default","ast-page-background-meta":{"desktop":{"background-color":"","background-image":"","background-repeat":"repeat","background-position":"center center","background-size":"auto","background-attachment":"scroll","background-type":"","background-media":"","overlay-type":"","overlay-color":"","overlay-opacity":"","overlay-gradient":""},"tablet":{"background-color":"","background-image":"","background-repeat":"repeat","background-position":"center center","background-size":"auto","background-attachment":"scroll","background-type":"","background-media":"","overlay-type":"","overlay-color":"","overlay-opacity":"","overlay-gradient":""},"mobile":{"background-color":"","background-image":"","background-repeat":"repeat","background-position":"center center","background-size":"auto","background-attachment":"scroll","background-type":"","background-media":"","overlay-type":"","overlay-color":"","overlay-opacity":"","overlay-gradient":""}},"ast-content-background-meta":{"desktop":{"background-color":"var(--ast-global-color-5)","background-image":"","background-repeat":"repeat","background-position":"center center","background-size":"auto","background-attachment":"scroll","background-type":"","background-media":"","overlay-type":"","overlay-color":"","overlay-opacity":"","overlay-gradient":""},"tablet":{"background-color":"var(--ast-global-color-5)","background-image":"","background-repeat":"repeat","background-position":"center center","background-size":"auto","background-attachment":"scroll","background-type":"","background-media":"","overlay-type":"","overlay-color":"","overlay-opacity":"","overlay-gradient":""},"mobile":{"background-color":"var(--ast-global-color-5)","background-image":"","background-repeat":"repeat","background-position":"center center","background-size":"auto","background-attachment":"scroll","background-type":"","background-media":"","overlay-type":"","overlay-color":"","overlay-opacity":"","overlay-gradient":""}},"footnotes":""},"class_list":["post-5767","page","type-page","status-publish","hentry"],"yoast_head":"<!-- This site is optimized with the Yoast SEO plugin v27.3 - https:\/\/yoast.com\/product\/yoast-seo-wordpress\/ -->\n<title>Termini e Condizioni<\/title>\n<meta name=\"robots\" content=\"index, follow, max-snippet:-1, max-image-preview:large, max-video-preview:-1\" \/>\n<link rel=\"canonical\" href=\"https:\/\/evolvewithsuky.com\/it\/termini-e-condizioni\/\" \/>\n<meta property=\"og:locale\" content=\"it_IT\" \/>\n<meta property=\"og:type\" content=\"article\" \/>\n<meta property=\"og:title\" content=\"Termini e Condizioni\" \/>\n<meta property=\"og:description\" content=\"Termini e Condizioni Disclaimer Le informazioni contenute in questo sito Web e in tutte le pagine dei social media associate, comprese tecniche, idee, suggerimenti e altro materiale, vengono fornite solo come informazioni generali. Suky Bansal non fornisce diagnosi mediche o consulenze relative a problemi sanitari, medici o psichiatrici. Energy Healing \u00e8 un metodo alternativo e, [&hellip;]\" \/>\n<meta property=\"og:url\" content=\"https:\/\/evolvewithsuky.com\/it\/termini-e-condizioni\/\" \/>\n<meta property=\"og:site_name\" content=\"Evolve with Suky\" \/>\n<meta property=\"article:modified_time\" content=\"2022-07-19T04:53:34+00:00\" \/>\n<meta name=\"twitter:card\" content=\"summary_large_image\" \/>\n<script type=\"application\/ld+json\" class=\"yoast-schema-graph\">{\"@context\":\"https:\\\/\\\/schema.org\",\"@graph\":[{\"@type\":\"WebPage\",\"@id\":\"https:\\\/\\\/evolvewithsuky.com\\\/it\\\/termini-e-condizioni\\\/\",\"url\":\"https:\\\/\\\/evolvewithsuky.com\\\/it\\\/termini-e-condizioni\\\/\",\"name\":\"Termini e Condizioni\",\"isPartOf\":{\"@id\":\"https:\\\/\\\/evolvewithsuky.com\\\/#website\"},\"datePublished\":\"2022-05-23T18:56:37+00:00\",\"dateModified\":\"2022-07-19T04:53:34+00:00\",\"breadcrumb\":{\"@id\":\"https:\\\/\\\/evolvewithsuky.com\\\/it\\\/termini-e-condizioni\\\/#breadcrumb\"},\"inLanguage\":\"it-IT\",\"potentialAction\":[{\"@type\":\"ReadAction\",\"target\":[\"https:\\\/\\\/evolvewithsuky.com\\\/it\\\/termini-e-condizioni\\\/\"]}]},{\"@type\":\"BreadcrumbList\",\"@id\":\"https:\\\/\\\/evolvewithsuky.com\\\/it\\\/termini-e-condizioni\\\/#breadcrumb\",\"itemListElement\":[{\"@type\":\"ListItem\",\"position\":1,\"name\":\"Home\",\"item\":\"https:\\\/\\\/evolvewithsuky.com\\\/it\\\/\"},{\"@type\":\"ListItem\",\"position\":2,\"name\":\"Termini e Condizioni\"}]},{\"@type\":\"WebSite\",\"@id\":\"https:\\\/\\\/evolvewithsuky.com\\\/#website\",\"url\":\"https:\\\/\\\/evolvewithsuky.com\\\/\",\"name\":\"Evolve with Suky\",\"description\":\"Helping you Evolve through Energy Healing\",\"publisher\":{\"@id\":\"https:\\\/\\\/evolvewithsuky.com\\\/#organization\"},\"potentialAction\":[{\"@type\":\"SearchAction\",\"target\":{\"@type\":\"EntryPoint\",\"urlTemplate\":\"https:\\\/\\\/evolvewithsuky.com\\\/?s={search_term_string}\"},\"query-input\":{\"@type\":\"PropertyValueSpecification\",\"valueRequired\":true,\"valueName\":\"search_term_string\"}}],\"inLanguage\":\"it-IT\"},{\"@type\":\"Organization\",\"@id\":\"https:\\\/\\\/evolvewithsuky.com\\\/#organization\",\"name\":\"Evolve With Suky\",\"url\":\"https:\\\/\\\/evolvewithsuky.com\\\/\",\"logo\":{\"@type\":\"ImageObject\",\"inLanguage\":\"it-IT\",\"@id\":\"https:\\\/\\\/evolvewithsuky.com\\\/#\\\/schema\\\/logo\\\/image\\\/\",\"url\":\"http:\\\/\\\/evolvewithsuky.com\\\/wp-content\\\/uploads\\\/2020\\\/10\\\/cropped-LogoMakr_5GGIMf-59x59-1.png\",\"contentUrl\":\"http:\\\/\\\/evolvewithsuky.com\\\/wp-content\\\/uploads\\\/2020\\\/10\\\/cropped-LogoMakr_5GGIMf-59x59-1.png\",\"width\":59,\"height\":59,\"caption\":\"Evolve With Suky\"},\"image\":{\"@id\":\"https:\\\/\\\/evolvewithsuky.com\\\/#\\\/schema\\\/logo\\\/image\\\/\"}}]}<\/script>\n<!-- \/ Yoast SEO plugin. -->","yoast_head_json":{"title":"Termini e Condizioni","robots":{"index":"index","follow":"follow","max-snippet":"max-snippet:-1","max-image-preview":"max-image-preview:large","max-video-preview":"max-video-preview:-1"},"canonical":"https:\/\/evolvewithsuky.com\/it\/termini-e-condizioni\/","og_locale":"it_IT","og_type":"article","og_title":"Termini e Condizioni","og_description":"Termini e Condizioni Disclaimer Le informazioni contenute in questo sito Web e in tutte le pagine dei social media associate, comprese tecniche, idee, suggerimenti e altro materiale, vengono fornite solo come informazioni generali. Suky Bansal non fornisce diagnosi mediche o consulenze relative a problemi sanitari, medici o psichiatrici. Energy Healing \u00e8 un metodo alternativo e, [&hellip;]","og_url":"https:\/\/evolvewithsuky.com\/it\/termini-e-condizioni\/","og_site_name":"Evolve with Suky","article_modified_time":"2022-07-19T04:53:34+00:00","twitter_card":"summary_large_image","schema":{"@context":"https:\/\/schema.org","@graph":[{"@type":"WebPage","@id":"https:\/\/evolvewithsuky.com\/it\/termini-e-condizioni\/","url":"https:\/\/evolvewithsuky.com\/it\/termini-e-condizioni\/","name":"Termini e Condizioni","isPartOf":{"@id":"https:\/\/evolvewithsuky.com\/#website"},"datePublished":"2022-05-23T18:56:37+00:00","dateModified":"2022-07-19T04:53:34+00:00","breadcrumb":{"@id":"https:\/\/evolvewithsuky.com\/it\/termini-e-condizioni\/#breadcrumb"},"inLanguage":"it-IT","potentialAction":[{"@type":"ReadAction","target":["https:\/\/evolvewithsuky.com\/it\/termini-e-condizioni\/"]}]},{"@type":"BreadcrumbList","@id":"https:\/\/evolvewithsuky.com\/it\/termini-e-condizioni\/#breadcrumb","itemListElement":[{"@type":"ListItem","position":1,"name":"Home","item":"https:\/\/evolvewithsuky.com\/it\/"},{"@type":"ListItem","position":2,"name":"Termini e Condizioni"}]},{"@type":"WebSite","@id":"https:\/\/evolvewithsuky.com\/#website","url":"https:\/\/evolvewithsuky.com\/","name":"Evolve with Suky","description":"Helping you Evolve through Energy Healing","publisher":{"@id":"https:\/\/evolvewithsuky.com\/#organization"},"potentialAction":[{"@type":"SearchAction","target":{"@type":"EntryPoint","urlTemplate":"https:\/\/evolvewithsuky.com\/?s={search_term_string}"},"query-input":{"@type":"PropertyValueSpecification","valueRequired":true,"valueName":"search_term_string"}}],"inLanguage":"it-IT"},{"@type":"Organization","@id":"https:\/\/evolvewithsuky.com\/#organization","name":"Evolve With Suky","url":"https:\/\/evolvewithsuky.com\/","logo":{"@type":"ImageObject","inLanguage":"it-IT","@id":"https:\/\/evolvewithsuky.com\/#\/schema\/logo\/image\/","url":"http:\/\/evolvewithsuky.com\/wp-content\/uploads\/2020\/10\/cropped-LogoMakr_5GGIMf-59x59-1.png","contentUrl":"http:\/\/evolvewithsuky.com\/wp-content\/uploads\/2020\/10\/cropped-LogoMakr_5GGIMf-59x59-1.png","width":59,"height":59,"caption":"Evolve With Suky"},"image":{"@id":"https:\/\/evolvewithsuky.com\/#\/schema\/logo\/image\/"}}]}},"uagb_featured_image_src":{"full":false,"thumbnail":false,"medium":false,"medium_large":false,"large":false,"1536x1536":false,"2048x2048":false,"mailpoet_newsletter_max":false,"woocommerce_thumbnail":false,"woocommerce_single":false,"woocommerce_gallery_thumbnail":false,"ppec_logo_image_size":false,"ppec_header_image_size":false},"uagb_author_info":{"display_name":"Suky","author_link":"https:\/\/evolvewithsuky.com\/it\/author\/suky\/"},"uagb_comment_info":0,"uagb_excerpt":"Termini e Condizioni Disclaimer Le informazioni contenute in questo sito Web e in tutte le pagine dei social media associate, comprese tecniche, idee, suggerimenti e altro materiale, vengono fornite solo come informazioni generali. Suky Bansal non fornisce diagnosi mediche o consulenze relative a problemi sanitari, medici o psichiatrici. Energy Healing \u00e8 un metodo alternativo e,&hellip;","jetpack_sharing_enabled":true,"_links":{"self":[{"href":"https:\/\/evolvewithsuky.com\/it\/wp-json\/wp\/v2\/pages\/5767","targetHints":{"allow":["GET"]}}],"collection":[{"href":"https:\/\/evolvewithsuky.com\/it\/wp-json\/wp\/v2\/pages"}],"about":[{"href":"https:\/\/evolvewithsuky.com\/it\/wp-json\/wp\/v2\/types\/page"}],"author":[{"embeddable":true,"href":"https:\/\/evolvewithsuky.com\/it\/wp-json\/wp\/v2\/users\/1"}],"replies":[{"embeddable":true,"href":"https:\/\/evolvewithsuky.com\/it\/wp-json\/wp\/v2\/comments?post=5767"}],"version-history":[{"count":0,"href":"https:\/\/evolvewithsuky.com\/it\/wp-json\/wp\/v2\/pages\/5767\/revisions"}],"wp:attachment":[{"href":"https:\/\/evolvewithsuky.com\/it\/wp-json\/wp\/v2\/media?parent=5767"}],"curies":[{"name":"wp","href":"https:\/\/api.w.org\/{rel}","templated":true}]}}